{"id":27218,"date":"2026-03-12T13:37:09","date_gmt":"2026-03-12T19:37:09","guid":{"rendered":"https:\/\/tienda.amesa.com.mx\/producto\/rotomartillo-de-3-8-sistema-m12-con-2-2\/"},"modified":"2026-03-19T11:24:26","modified_gmt":"2026-03-19T17:24:26","slug":"rotomartillo-de-3-8-sistema-m12-con-2-2","status":"publish","type":"product","link":"https:\/\/tienda.amesa.com.mx\/en\/product\/rotomartillo-de-3-8-sistema-m12-con-2-2\/","title":{"rendered":"ROTOMARTILLO DE 3\/8&#8243; SISTEMA M12 CON 2"},"content":{"rendered":"<p>Rotomartillo ligero y compacto, ideal para perforaciones r\u00e1pidas en concreto y mamposter\u00eda. Dise\u00f1ado para trabajos repetitivos donde se requiere comodidad, control y eficiencia sin sacrificar potencia.<\/p>\n<p>ROTOMARTILLO DE 3\/8&#8243; SISTEMA M12 CON 2 BATERIAS Y CARGADOR<\/p>\n","protected":false},"excerpt":{"rendered":"<p>Rotomartillo ligero y compacto, ideal para perforaciones r\u00e1pidas en concreto y mamposter\u00eda. Dise\u00f1ado&#8230;<\/p>\n","protected":false},"featured_media":27219,"comment_status":"open","ping_status":"closed","template":"","meta":{"_joinchat":[]},"product_brand":[],"product_cat":[169],"product_tag":[158],"class_list":{"0":"post-27218","1":"product","2":"type-product","3":"status-publish","4":"has-post-thumbnail","6":"product_cat-mw-herramientas","7":"product_tag-en","9":"first","10":"instock","11":"taxable","12":"shipping-taxable","13":"purchasable","14":"product-type-simple"},"_links":{"self":[{"href":"https:\/\/tienda.amesa.com.mx\/en\/wp-json\/wp\/v2\/product\/27218","targetHints":{"allow":["GET"]}}],"collection":[{"href":"https:\/\/tienda.amesa.com.mx\/en\/wp-json\/wp\/v2\/product"}],"about":[{"href":"https:\/\/tienda.amesa.com.mx\/en\/wp-json\/wp\/v2\/types\/product"}],"replies":[{"embeddable":true,"href":"https:\/\/tienda.amesa.com.mx\/en\/wp-json\/wp\/v2\/comments?post=27218"}],"wp:featuredmedia":[{"embeddable":true,"href":"https:\/\/tienda.amesa.com.mx\/en\/wp-json\/wp\/v2\/media\/27219"}],"wp:attachment":[{"href":"https:\/\/tienda.amesa.com.mx\/en\/wp-json\/wp\/v2\/media?parent=27218"}],"wp:term":[{"taxonomy":"product_brand","embeddable":true,"href":"https:\/\/tienda.amesa.com.mx\/en\/wp-json\/wp\/v2\/product_brand?post=27218"},{"taxonomy":"product_cat","embeddable":true,"href":"https:\/\/tienda.amesa.com.mx\/en\/wp-json\/wp\/v2\/product_cat?post=27218"},{"taxonomy":"product_tag","embeddable":true,"href":"https:\/\/tienda.amesa.com.mx\/en\/wp-json\/wp\/v2\/product_tag?post=27218"}],"curies":[{"name":"wp","href":"https:\/\/api.w.org\/{rel}","templated":true}]}}