{"id":27263,"date":"2026-03-20T17:34:02","date_gmt":"2026-03-20T23:34:02","guid":{"rendered":"https:\/\/tienda.amesa.com.mx\/producto\/atornillador-m4-redlithium-200-y-600-2\/"},"modified":"2026-03-20T17:34:06","modified_gmt":"2026-03-20T23:34:06","slug":"atornillador-m4-redlithium-200-y-600-2","status":"publish","type":"product","link":"https:\/\/tienda.amesa.com.mx\/en\/product\/atornillador-m4-redlithium-200-y-600-2\/","title":{"rendered":"ATORNILLADOR M4 REDLITHIUM 200 Y 600"},"content":{"rendered":"<p>El Atornillador Milwaukee M4\u2122 de 1\/4&#8243; Hex es la herramienta definitiva para profesionales que buscan versatilidad en espacios reducidos. Gracias a su dise\u00f1o ergon\u00f3mico y su tecnolog\u00eda de bater\u00eda REDLITHIUM\u2122, este atornillador ofrece un rendimiento superior con un tama\u00f1o extremadamente compacto.<\/p>\n<p>Ya sea que trabajes en electr\u00f3nica, ensamblaje de gabinetes o mantenimiento ligero, el sistema M4\u2122 te brinda la confianza de un torque controlado y una autonom\u00eda l\u00edder en su clase.<\/p>\n<p>ATORNILLADOR M4 REDLITHIUM  200 Y 600 RPM 1\/4 HEX CON DOS BATERIAS Y CARGADOR<\/p>\n","protected":false},"excerpt":{"rendered":"<p>El Atornillador Milwaukee M4\u2122 de 1\/4&#8243; Hex es la herramienta definitiva para profesionales que buscan&#8230;<\/p>\n","protected":false},"featured_media":27260,"comment_status":"open","ping_status":"closed","template":"","meta":{"_joinchat":[]},"product_brand":[],"product_cat":[],"product_tag":[158],"class_list":{"0":"post-27263","1":"product","2":"type-product","3":"status-publish","4":"has-post-thumbnail","6":"product_tag-en","8":"first","9":"instock","10":"taxable","11":"shipping-taxable","12":"purchasable","13":"product-type-simple"},"_links":{"self":[{"href":"https:\/\/tienda.amesa.com.mx\/en\/wp-json\/wp\/v2\/product\/27263","targetHints":{"allow":["GET"]}}],"collection":[{"href":"https:\/\/tienda.amesa.com.mx\/en\/wp-json\/wp\/v2\/product"}],"about":[{"href":"https:\/\/tienda.amesa.com.mx\/en\/wp-json\/wp\/v2\/types\/product"}],"replies":[{"embeddable":true,"href":"https:\/\/tienda.amesa.com.mx\/en\/wp-json\/wp\/v2\/comments?post=27263"}],"wp:featuredmedia":[{"embeddable":true,"href":"https:\/\/tienda.amesa.com.mx\/en\/wp-json\/wp\/v2\/media\/27260"}],"wp:attachment":[{"href":"https:\/\/tienda.amesa.com.mx\/en\/wp-json\/wp\/v2\/media?parent=27263"}],"wp:term":[{"taxonomy":"product_brand","embeddable":true,"href":"https:\/\/tienda.amesa.com.mx\/en\/wp-json\/wp\/v2\/product_brand?post=27263"},{"taxonomy":"product_cat","embeddable":true,"href":"https:\/\/tienda.amesa.com.mx\/en\/wp-json\/wp\/v2\/product_cat?post=27263"},{"taxonomy":"product_tag","embeddable":true,"href":"https:\/\/tienda.amesa.com.mx\/en\/wp-json\/wp\/v2\/product_tag?post=27263"}],"curies":[{"name":"wp","href":"https:\/\/api.w.org\/{rel}","templated":true}]}}