{"id":27277,"date":"2026-03-23T17:01:19","date_gmt":"2026-03-23T23:01:19","guid":{"rendered":"https:\/\/tienda.amesa.com.mx\/producto\/rotomartillo-de-1-2-pulg-v-v-2\/"},"modified":"2026-03-23T17:01:22","modified_gmt":"2026-03-23T23:01:22","slug":"rotomartillo-de-1-2-pulg-v-v-2","status":"publish","type":"product","link":"https:\/\/tienda.amesa.com.mx\/en\/product\/rotomartillo-de-1-2-pulg-v-v-2\/","title":{"rendered":"ROTOMARTILLO DE 1\/2 PULG V.V"},"content":{"rendered":"<p>Herramienta robusta y confiable para perforaciones en concreto y trabajos de anclaje. Cuenta con un mango lateral de 360\u00b0 lo cual ofrece una m\u00e1xima versatilidad para el usuario, una cobertura moldeada la cual aumenta el agarre, reduce la vibraci\u00f3n que siente el usuario, ofrece mayor durabilidad y retenci\u00f3n de brocas.<\/p>\n<p>ROTOMARTILLO DE 1\/2 PULG V.V<\/p>\n","protected":false},"excerpt":{"rendered":"<p>Herramienta robusta y confiable para perforaciones en concreto y trabajos de anclaje. Cuenta con un &#8230;<\/p>\n","protected":false},"featured_media":27274,"comment_status":"open","ping_status":"closed","template":"","meta":{"_joinchat":[]},"product_brand":[],"product_cat":[],"product_tag":[158],"class_list":{"0":"post-27277","1":"product","2":"type-product","3":"status-publish","4":"has-post-thumbnail","6":"product_tag-en","8":"first","9":"instock","10":"taxable","11":"shipping-taxable","12":"purchasable","13":"product-type-simple"},"_links":{"self":[{"href":"https:\/\/tienda.amesa.com.mx\/en\/wp-json\/wp\/v2\/product\/27277","targetHints":{"allow":["GET"]}}],"collection":[{"href":"https:\/\/tienda.amesa.com.mx\/en\/wp-json\/wp\/v2\/product"}],"about":[{"href":"https:\/\/tienda.amesa.com.mx\/en\/wp-json\/wp\/v2\/types\/product"}],"replies":[{"embeddable":true,"href":"https:\/\/tienda.amesa.com.mx\/en\/wp-json\/wp\/v2\/comments?post=27277"}],"wp:featuredmedia":[{"embeddable":true,"href":"https:\/\/tienda.amesa.com.mx\/en\/wp-json\/wp\/v2\/media\/27274"}],"wp:attachment":[{"href":"https:\/\/tienda.amesa.com.mx\/en\/wp-json\/wp\/v2\/media?parent=27277"}],"wp:term":[{"taxonomy":"product_brand","embeddable":true,"href":"https:\/\/tienda.amesa.com.mx\/en\/wp-json\/wp\/v2\/product_brand?post=27277"},{"taxonomy":"product_cat","embeddable":true,"href":"https:\/\/tienda.amesa.com.mx\/en\/wp-json\/wp\/v2\/product_cat?post=27277"},{"taxonomy":"product_tag","embeddable":true,"href":"https:\/\/tienda.amesa.com.mx\/en\/wp-json\/wp\/v2\/product_tag?post=27277"}],"curies":[{"name":"wp","href":"https:\/\/api.w.org\/{rel}","templated":true}]}}