{"id":27283,"date":"2026-03-23T17:03:18","date_gmt":"2026-03-23T23:03:18","guid":{"rendered":"https:\/\/tienda.amesa.com.mx\/producto\/terminal-cu-c-crt-1-0-2\/"},"modified":"2026-03-23T17:03:22","modified_gmt":"2026-03-23T23:03:22","slug":"terminal-cu-c-crt-1-0-2","status":"publish","type":"product","link":"https:\/\/tienda.amesa.com.mx\/en\/product\/terminal-cu-c-crt-1-0-2\/","title":{"rendered":"TERMINAL CU C\/CRT 1\/0"},"content":{"rendered":"<p>Terminal de Compresi\u00f3n 1\/0 AWG &#8211; 2 Orificios<br \/>\nConexi\u00f3n industrial de alta seguridad para aplicaciones de hasta 35kV.<\/p>\n<p>M\u00e1xima Estabilidad: Dise\u00f1o de 2 orificios que elimina la rotaci\u00f3n accidental.<\/p>\n<p>Instalaci\u00f3n Segura: Chafl\u00e1n interno para una inserci\u00f3n suave del cable y ventana de inspecci\u00f3n visual.<\/p>\n<p>Protecci\u00f3n Corrosiva: Cobre con acabado esta\u00f1ado que evita el desgaste galv\u00e1nico.<\/p>\n<p>Identificaci\u00f3n R\u00e1pida: C\u00f3digo de color Rosa (Compatible con dados 12 o 348).<\/p>\n<p>Ahorro de Espacio: Barril est\u00e1ndar ideal para tableros con espacio limitado.<\/p>\n<p>Ficha R\u00e1pida:<\/p>\n<p>Calibre: 1\/0 AWG.<\/p>\n<p>Perno: 3\/8&#8243;.<\/p>\n<p>Espaciado: 1&#8243;.<\/p>\n<p>Certificaci\u00f3n: UL\/CSA a 90\u00b0C.<br \/>\nTERMINAL CU C\/CRT 1\/0<\/p>\n","protected":false},"excerpt":{"rendered":"<p>Terminal de Compresi\u00f3n 1\/0 AWG &#8211; 2 Orificios<br \/>\nConexi\u00f3n industrial de alta seguridad para aplicaciones&#8230;<\/p>\n","protected":false},"featured_media":27278,"comment_status":"open","ping_status":"closed","template":"","meta":{"_joinchat":[]},"product_brand":[],"product_cat":[151],"product_tag":[158],"class_list":{"0":"post-27283","1":"product","2":"type-product","3":"status-publish","4":"has-post-thumbnail","6":"product_cat-grounding-systems-and-lightning-rods","7":"product_tag-en","9":"first","10":"instock","11":"taxable","12":"shipping-taxable","13":"purchasable","14":"product-type-simple"},"_links":{"self":[{"href":"https:\/\/tienda.amesa.com.mx\/en\/wp-json\/wp\/v2\/product\/27283","targetHints":{"allow":["GET"]}}],"collection":[{"href":"https:\/\/tienda.amesa.com.mx\/en\/wp-json\/wp\/v2\/product"}],"about":[{"href":"https:\/\/tienda.amesa.com.mx\/en\/wp-json\/wp\/v2\/types\/product"}],"replies":[{"embeddable":true,"href":"https:\/\/tienda.amesa.com.mx\/en\/wp-json\/wp\/v2\/comments?post=27283"}],"wp:featuredmedia":[{"embeddable":true,"href":"https:\/\/tienda.amesa.com.mx\/en\/wp-json\/wp\/v2\/media\/27278"}],"wp:attachment":[{"href":"https:\/\/tienda.amesa.com.mx\/en\/wp-json\/wp\/v2\/media?parent=27283"}],"wp:term":[{"taxonomy":"product_brand","embeddable":true,"href":"https:\/\/tienda.amesa.com.mx\/en\/wp-json\/wp\/v2\/product_brand?post=27283"},{"taxonomy":"product_cat","embeddable":true,"href":"https:\/\/tienda.amesa.com.mx\/en\/wp-json\/wp\/v2\/product_cat?post=27283"},{"taxonomy":"product_tag","embeddable":true,"href":"https:\/\/tienda.amesa.com.mx\/en\/wp-json\/wp\/v2\/product_tag?post=27283"}],"curies":[{"name":"wp","href":"https:\/\/api.w.org\/{rel}","templated":true}]}}