{"id":27293,"date":"2026-03-23T17:22:01","date_gmt":"2026-03-23T23:22:01","guid":{"rendered":"https:\/\/tienda.amesa.com.mx\/producto\/empalme-al-t-min-4s-6acs-2\/"},"modified":"2026-03-23T17:40:43","modified_gmt":"2026-03-23T23:40:43","slug":"empalme-al-t-min-4s-6acs-2","status":"publish","type":"product","link":"https:\/\/tienda.amesa.com.mx\/en\/product\/empalme-al-t-min-4s-6acs-2\/","title":{"rendered":"EMPALME AL T\/MIN 4S 6ACS"},"content":{"rendered":"<p>Material: Aluminio de pared gruesa (Heavy-walled).<\/p>\n<p>C\u00f3digo de Color: Rojo \/ Rojo.<\/p>\n<p>Aplicaci\u00f3n: Conductores de entrada de servicio y neutros.<\/p>\n<p>Dise\u00f1o: Barrera s\u00f3lida integrada para prevenir la corrosi\u00f3n galv\u00e1nica.<br \/>\nEMPALME AL T\/MIN 4S 6ACS<\/p>\n","protected":false},"excerpt":{"rendered":"<p>Material: Aluminio de pared gruesa (Heavy-walled).<\/p>\n<p>C\u00f3digo de Color: Rojo \/ Rojo.<\/p>\n<p>Aplicaci\u00f3n: Condu&#8230;<\/p>\n","protected":false},"featured_media":27294,"comment_status":"open","ping_status":"closed","template":"","meta":{"_joinchat":[]},"product_brand":[],"product_cat":[75],"product_tag":[158],"class_list":{"0":"post-27293","1":"product","2":"type-product","3":"status-publish","4":"has-post-thumbnail","6":"product_cat-sistemas-de-tierras-y-pararrayos","7":"product_tag-en","9":"first","10":"instock","11":"taxable","12":"shipping-taxable","13":"purchasable","14":"product-type-simple"},"_links":{"self":[{"href":"https:\/\/tienda.amesa.com.mx\/en\/wp-json\/wp\/v2\/product\/27293","targetHints":{"allow":["GET"]}}],"collection":[{"href":"https:\/\/tienda.amesa.com.mx\/en\/wp-json\/wp\/v2\/product"}],"about":[{"href":"https:\/\/tienda.amesa.com.mx\/en\/wp-json\/wp\/v2\/types\/product"}],"replies":[{"embeddable":true,"href":"https:\/\/tienda.amesa.com.mx\/en\/wp-json\/wp\/v2\/comments?post=27293"}],"wp:featuredmedia":[{"embeddable":true,"href":"https:\/\/tienda.amesa.com.mx\/en\/wp-json\/wp\/v2\/media\/27294"}],"wp:attachment":[{"href":"https:\/\/tienda.amesa.com.mx\/en\/wp-json\/wp\/v2\/media?parent=27293"}],"wp:term":[{"taxonomy":"product_brand","embeddable":true,"href":"https:\/\/tienda.amesa.com.mx\/en\/wp-json\/wp\/v2\/product_brand?post=27293"},{"taxonomy":"product_cat","embeddable":true,"href":"https:\/\/tienda.amesa.com.mx\/en\/wp-json\/wp\/v2\/product_cat?post=27293"},{"taxonomy":"product_tag","embeddable":true,"href":"https:\/\/tienda.amesa.com.mx\/en\/wp-json\/wp\/v2\/product_tag?post=27293"}],"curies":[{"name":"wp","href":"https:\/\/api.w.org\/{rel}","templated":true}]}}