{"id":27303,"date":"2026-03-23T17:43:24","date_gmt":"2026-03-23T23:43:24","guid":{"rendered":"https:\/\/tienda.amesa.com.mx\/producto\/conector-mec-cat-ksu25-cal-2-1-0-2\/"},"modified":"2026-03-23T17:43:28","modified_gmt":"2026-03-23T23:43:28","slug":"conector-mec-cat-ksu25-cal-2-1-0-2","status":"publish","type":"product","link":"https:\/\/tienda.amesa.com.mx\/en\/product\/conector-mec-cat-ksu25-cal-2-1-0-2\/","title":{"rendered":"CONECTOR MEC.CAT.KSU25 (CAL.2- 1\/0)"},"content":{"rendered":"<p>Conector SERVIT de Cobre Esta\u00f1ado con Espaciador &#8211; 1.77&#8243; Conexi\u00f3n segura y duradera para conductores de diferentes materiales.<\/p>\n<p>Durabilidad Profesional: Aleaci\u00f3n de cobre de alta resistencia con recubrimiento de esta\u00f1o.<\/p>\n<p>Contacto Optimizado: El espaciador integrado proporciona una superficie de contacto larga, eliminando puntos de presi\u00f3n destructivos.<\/p>\n<p>Seguridad Galv\u00e1nica: Ideal para unir conductores dis\u00edmiles sin riesgo de da\u00f1os por contacto directo.<\/p>\n<p>Dimensiones: Longitud total de 1.77 pulgadas.<br \/>\nCONECTOR MEC.CAT.KSU25 (CAL.2- 1\/0)<\/p>\n","protected":false},"excerpt":{"rendered":"<p>Conector SERVIT de Cobre Esta\u00f1ado con Espaciador &#8211; 1.77&#8243; Conexi\u00f3n segura y duradera para conductores&#8230;<\/p>\n","protected":false},"featured_media":27298,"comment_status":"open","ping_status":"closed","template":"","meta":{"_joinchat":[]},"product_brand":[],"product_cat":[151],"product_tag":[158],"class_list":{"0":"post-27303","1":"product","2":"type-product","3":"status-publish","4":"has-post-thumbnail","6":"product_cat-grounding-systems-and-lightning-rods","7":"product_tag-en","9":"first","10":"instock","11":"taxable","12":"shipping-taxable","13":"purchasable","14":"product-type-simple"},"_links":{"self":[{"href":"https:\/\/tienda.amesa.com.mx\/en\/wp-json\/wp\/v2\/product\/27303","targetHints":{"allow":["GET"]}}],"collection":[{"href":"https:\/\/tienda.amesa.com.mx\/en\/wp-json\/wp\/v2\/product"}],"about":[{"href":"https:\/\/tienda.amesa.com.mx\/en\/wp-json\/wp\/v2\/types\/product"}],"replies":[{"embeddable":true,"href":"https:\/\/tienda.amesa.com.mx\/en\/wp-json\/wp\/v2\/comments?post=27303"}],"wp:featuredmedia":[{"embeddable":true,"href":"https:\/\/tienda.amesa.com.mx\/en\/wp-json\/wp\/v2\/media\/27298"}],"wp:attachment":[{"href":"https:\/\/tienda.amesa.com.mx\/en\/wp-json\/wp\/v2\/media?parent=27303"}],"wp:term":[{"taxonomy":"product_brand","embeddable":true,"href":"https:\/\/tienda.amesa.com.mx\/en\/wp-json\/wp\/v2\/product_brand?post=27303"},{"taxonomy":"product_cat","embeddable":true,"href":"https:\/\/tienda.amesa.com.mx\/en\/wp-json\/wp\/v2\/product_cat?post=27303"},{"taxonomy":"product_tag","embeddable":true,"href":"https:\/\/tienda.amesa.com.mx\/en\/wp-json\/wp\/v2\/product_tag?post=27303"}],"curies":[{"name":"wp","href":"https:\/\/api.w.org\/{rel}","templated":true}]}}