{"id":27309,"date":"2026-03-23T17:44:52","date_gmt":"2026-03-23T23:44:52","guid":{"rendered":"https:\/\/tienda.amesa.com.mx\/producto\/conector-mec-cat-gb29-cal-2-0-250mcm-2\/"},"modified":"2026-03-23T17:44:56","modified_gmt":"2026-03-23T23:44:56","slug":"conector-mec-cat-gb29-cal-2-0-250mcm-2","status":"publish","type":"product","link":"https:\/\/tienda.amesa.com.mx\/en\/product\/conector-mec-cat-gb29-cal-2-0-250mcm-2\/","title":{"rendered":"CONECTOR MEC.CAT.GB29 (CAL.2\/0 -250MCM"},"content":{"rendered":"<p>El Burndy GB29 es un conector tipo &#8220;Ground Connector&#8221; de alta resistencia, dise\u00f1ado para unir un conductor de cobre a una barra plana o estructura de acero. Fabricado en aleaci\u00f3n de cobre fundido, este conector es ideal para sistemas de malla de tierra y protecci\u00f3n contra rayos donde la durabilidad es cr\u00edtica.<\/p>\n<p>CONECTOR MEC.CAT.GB29 (CAL.2\/0 -250MCM)<br \/>\nCONECTOR MEC.CAT.GB29 (CAL.2\/0 -250MCM)<\/p>\n","protected":false},"excerpt":{"rendered":"<p>El Burndy GB29 es un conector tipo &#8220;Ground Connector&#8221; de alta resistencia, dise\u00f1ado para unir un con&#8230;<\/p>\n","protected":false},"featured_media":27304,"comment_status":"open","ping_status":"closed","template":"","meta":{"_joinchat":[]},"product_brand":[],"product_cat":[151],"product_tag":[158],"class_list":{"0":"post-27309","1":"product","2":"type-product","3":"status-publish","4":"has-post-thumbnail","6":"product_cat-grounding-systems-and-lightning-rods","7":"product_tag-en","9":"first","10":"instock","11":"taxable","12":"shipping-taxable","13":"purchasable","14":"product-type-simple"},"_links":{"self":[{"href":"https:\/\/tienda.amesa.com.mx\/en\/wp-json\/wp\/v2\/product\/27309","targetHints":{"allow":["GET"]}}],"collection":[{"href":"https:\/\/tienda.amesa.com.mx\/en\/wp-json\/wp\/v2\/product"}],"about":[{"href":"https:\/\/tienda.amesa.com.mx\/en\/wp-json\/wp\/v2\/types\/product"}],"replies":[{"embeddable":true,"href":"https:\/\/tienda.amesa.com.mx\/en\/wp-json\/wp\/v2\/comments?post=27309"}],"wp:featuredmedia":[{"embeddable":true,"href":"https:\/\/tienda.amesa.com.mx\/en\/wp-json\/wp\/v2\/media\/27304"}],"wp:attachment":[{"href":"https:\/\/tienda.amesa.com.mx\/en\/wp-json\/wp\/v2\/media?parent=27309"}],"wp:term":[{"taxonomy":"product_brand","embeddable":true,"href":"https:\/\/tienda.amesa.com.mx\/en\/wp-json\/wp\/v2\/product_brand?post=27309"},{"taxonomy":"product_cat","embeddable":true,"href":"https:\/\/tienda.amesa.com.mx\/en\/wp-json\/wp\/v2\/product_cat?post=27309"},{"taxonomy":"product_tag","embeddable":true,"href":"https:\/\/tienda.amesa.com.mx\/en\/wp-json\/wp\/v2\/product_tag?post=27309"}],"curies":[{"name":"wp","href":"https:\/\/api.w.org\/{rel}","templated":true}]}}