{"id":27337,"date":"2026-03-23T18:35:32","date_gmt":"2026-03-24T00:35:32","guid":{"rendered":"https:\/\/tienda.amesa.com.mx\/producto\/sierra-cinta-corte-variable-5-pulgadas-2\/"},"modified":"2026-03-23T18:35:35","modified_gmt":"2026-03-24T00:35:35","slug":"sierra-cinta-corte-variable-5-pulgadas-2","status":"publish","type":"product","link":"https:\/\/tienda.amesa.com.mx\/en\/product\/sierra-cinta-corte-variable-5-pulgadas-2\/","title":{"rendered":"SIERRA CINTA CORTE VARIABLE 5 PULGADAS"},"content":{"rendered":"<p>La Sierra de Cinta de 11 Amperios de Milwaukee es el est\u00e1ndar de oro en la industria para el corte de metales. Con la mayor capacidad de corte en su clase (hasta 5&#8243; x 5&#8243;), esta herramienta est\u00e1 dise\u00f1ada para enfrentar los trabajos m\u00e1s pesados en obra y taller, ofreciendo cortes limpios, r\u00e1pidos y con un acabado profesional que minimiza la necesidad de desbaste posterior.<\/p>\n<p>Gracias a su potente motor de 11 Amp y su dial de velocidad variable, tienes el control absoluto para adaptar la herramienta a cualquier material, prolongando la vida \u00fatil de la banda y optimizando cada segundo de trabajo.<br \/>\nSIERRA CINTA CORTE VARIABLE 5 PULGADAS 11 AMP<\/p>\n","protected":false},"excerpt":{"rendered":"<p>La Sierra de Cinta de 11 Amperios de Milwaukee es el est\u00e1ndar de oro en la industria para el corte d&#8230;<\/p>\n","protected":false},"featured_media":27332,"comment_status":"open","ping_status":"closed","template":"","meta":{"_joinchat":[]},"product_brand":[],"product_cat":[],"product_tag":[158],"class_list":{"0":"post-27337","1":"product","2":"type-product","3":"status-publish","4":"has-post-thumbnail","6":"product_tag-en","8":"first","9":"instock","10":"taxable","11":"shipping-taxable","12":"purchasable","13":"product-type-simple"},"_links":{"self":[{"href":"https:\/\/tienda.amesa.com.mx\/en\/wp-json\/wp\/v2\/product\/27337","targetHints":{"allow":["GET"]}}],"collection":[{"href":"https:\/\/tienda.amesa.com.mx\/en\/wp-json\/wp\/v2\/product"}],"about":[{"href":"https:\/\/tienda.amesa.com.mx\/en\/wp-json\/wp\/v2\/types\/product"}],"replies":[{"embeddable":true,"href":"https:\/\/tienda.amesa.com.mx\/en\/wp-json\/wp\/v2\/comments?post=27337"}],"wp:featuredmedia":[{"embeddable":true,"href":"https:\/\/tienda.amesa.com.mx\/en\/wp-json\/wp\/v2\/media\/27332"}],"wp:attachment":[{"href":"https:\/\/tienda.amesa.com.mx\/en\/wp-json\/wp\/v2\/media?parent=27337"}],"wp:term":[{"taxonomy":"product_brand","embeddable":true,"href":"https:\/\/tienda.amesa.com.mx\/en\/wp-json\/wp\/v2\/product_brand?post=27337"},{"taxonomy":"product_cat","embeddable":true,"href":"https:\/\/tienda.amesa.com.mx\/en\/wp-json\/wp\/v2\/product_cat?post=27337"},{"taxonomy":"product_tag","embeddable":true,"href":"https:\/\/tienda.amesa.com.mx\/en\/wp-json\/wp\/v2\/product_tag?post=27337"}],"curies":[{"name":"wp","href":"https:\/\/api.w.org\/{rel}","templated":true}]}}