{"id":27341,"date":"2026-03-25T09:52:40","date_gmt":"2026-03-25T15:52:40","guid":{"rendered":"https:\/\/tienda.amesa.com.mx\/producto\/kit-de-pistola-de-tornillo-m18-fuel-2\/"},"modified":"2026-03-25T09:54:27","modified_gmt":"2026-03-25T15:54:27","slug":"kit-de-pistola-de-tornillo-m18-fuel-2","status":"publish","type":"product","link":"https:\/\/tienda.amesa.com.mx\/en\/product\/kit-de-pistola-de-tornillo-m18-fuel-2\/","title":{"rendered":"Kit de pistola de tornillo M18 FUEL"},"content":{"rendered":"<p>Lleva la productividad de tu obra al siguiente nivel con la potencia del M18 FUEL\u2122. Este kit est\u00e1 dise\u00f1ado para profesionales que exigen la velocidad de una herramienta con cable, pero con la libertad total del sistema inal\u00e1mbrico l\u00edder de Milwaukee.<\/p>\n<p>Caracter\u00edsticas Principales:<br \/>\nVelocidad Imbatible: Motor sin carbones POWERSTATE\u2122 que entrega 4,500 RPM para una instalaci\u00f3n m\u00e1s r\u00e1pida que las herramientas con cable.<\/p>\n<p>Modo AUTO START\u2122: El motor solo se activa cuando el tornillo hace contacto; ahorra energ\u00eda, reduce el ruido y prolonga la vida \u00fatil de la bater\u00eda.<\/p>\n<p>Inteligencia REDLINK PLUS\u2122: Asegura el m\u00e1ximo rendimiento y protege tu inversi\u00f3n contra sobrecargas o sobrecalentamiento.<\/p>\n<p>Ergonom\u00eda Superior: Ligero y balanceado para un uso intensivo sin fatiga.<br \/>\nKIT DE PISTOLA DE TORNILLO M18 FUEL<\/p>\n","protected":false},"excerpt":{"rendered":"<p>Lleva la productividad de tu obra al siguiente nivel con la potencia del M18 FUEL\u2122. Este kit est\u00e1 di&#8230;<\/p>\n","protected":false},"featured_media":27342,"comment_status":"open","ping_status":"closed","template":"","meta":{"_joinchat":[]},"product_brand":[],"product_cat":[169],"product_tag":[158],"class_list":{"0":"post-27341","1":"product","2":"type-product","3":"status-publish","4":"has-post-thumbnail","6":"product_cat-mw-herramientas","7":"product_tag-en","9":"first","10":"instock","11":"taxable","12":"shipping-taxable","13":"purchasable","14":"product-type-simple"},"_links":{"self":[{"href":"https:\/\/tienda.amesa.com.mx\/en\/wp-json\/wp\/v2\/product\/27341","targetHints":{"allow":["GET"]}}],"collection":[{"href":"https:\/\/tienda.amesa.com.mx\/en\/wp-json\/wp\/v2\/product"}],"about":[{"href":"https:\/\/tienda.amesa.com.mx\/en\/wp-json\/wp\/v2\/types\/product"}],"replies":[{"embeddable":true,"href":"https:\/\/tienda.amesa.com.mx\/en\/wp-json\/wp\/v2\/comments?post=27341"}],"wp:featuredmedia":[{"embeddable":true,"href":"https:\/\/tienda.amesa.com.mx\/en\/wp-json\/wp\/v2\/media\/27342"}],"wp:attachment":[{"href":"https:\/\/tienda.amesa.com.mx\/en\/wp-json\/wp\/v2\/media?parent=27341"}],"wp:term":[{"taxonomy":"product_brand","embeddable":true,"href":"https:\/\/tienda.amesa.com.mx\/en\/wp-json\/wp\/v2\/product_brand?post=27341"},{"taxonomy":"product_cat","embeddable":true,"href":"https:\/\/tienda.amesa.com.mx\/en\/wp-json\/wp\/v2\/product_cat?post=27341"},{"taxonomy":"product_tag","embeddable":true,"href":"https:\/\/tienda.amesa.com.mx\/en\/wp-json\/wp\/v2\/product_tag?post=27341"}],"curies":[{"name":"wp","href":"https:\/\/api.w.org\/{rel}","templated":true}]}}