{"id":27349,"date":"2026-03-25T09:56:23","date_gmt":"2026-03-25T15:56:23","guid":{"rendered":"https:\/\/tienda.amesa.com.mx\/producto\/broquero-1-4-para-atornilladores-2-4-2\/"},"modified":"2026-03-25T09:56:27","modified_gmt":"2026-03-25T15:56:27","slug":"broquero-1-4-para-atornilladores-2-4-2","status":"publish","type":"product","link":"https:\/\/tienda.amesa.com.mx\/en\/product\/broquero-1-4-para-atornilladores-2-4-2\/","title":{"rendered":"BROQUERO 1\/4&#8243; PARA ATORNILLADORES 2.4"},"content":{"rendered":"<p>El Broquero Milwaukee de 1\/4&#8243; est\u00e1 dise\u00f1ado espec\u00edficamente para profesionales que necesitan realizar perforaciones piloto o trabajos detallados sin tener que cambiar de herramienta.<\/p>\n<p>Su v\u00e1stago hexagonal de 1\/4&#8243; es compatible con el est\u00e1ndar universal, lo que lo hace el compa\u00f1ero ideal para la l\u00ednea Milwaukee M12, M18 y cualquier atornillador de mano.<br \/>\nBROQUERO 1\/4&#8243; PARA ATORNILLADORES 2.4 VOLTS<\/p>\n","protected":false},"excerpt":{"rendered":"<p>El Broquero Milwaukee de 1\/4&#8243; est\u00e1 dise\u00f1ado espec\u00edficamente para profesionales que necesitan realiza&#8230;<\/p>\n","protected":false},"featured_media":27346,"comment_status":"open","ping_status":"closed","template":"","meta":{"_joinchat":[]},"product_brand":[],"product_cat":[],"product_tag":[158],"class_list":{"0":"post-27349","1":"product","2":"type-product","3":"status-publish","4":"has-post-thumbnail","6":"product_tag-en","8":"first","9":"instock","10":"taxable","11":"shipping-taxable","12":"purchasable","13":"product-type-simple"},"_links":{"self":[{"href":"https:\/\/tienda.amesa.com.mx\/en\/wp-json\/wp\/v2\/product\/27349","targetHints":{"allow":["GET"]}}],"collection":[{"href":"https:\/\/tienda.amesa.com.mx\/en\/wp-json\/wp\/v2\/product"}],"about":[{"href":"https:\/\/tienda.amesa.com.mx\/en\/wp-json\/wp\/v2\/types\/product"}],"replies":[{"embeddable":true,"href":"https:\/\/tienda.amesa.com.mx\/en\/wp-json\/wp\/v2\/comments?post=27349"}],"wp:featuredmedia":[{"embeddable":true,"href":"https:\/\/tienda.amesa.com.mx\/en\/wp-json\/wp\/v2\/media\/27346"}],"wp:attachment":[{"href":"https:\/\/tienda.amesa.com.mx\/en\/wp-json\/wp\/v2\/media?parent=27349"}],"wp:term":[{"taxonomy":"product_brand","embeddable":true,"href":"https:\/\/tienda.amesa.com.mx\/en\/wp-json\/wp\/v2\/product_brand?post=27349"},{"taxonomy":"product_cat","embeddable":true,"href":"https:\/\/tienda.amesa.com.mx\/en\/wp-json\/wp\/v2\/product_cat?post=27349"},{"taxonomy":"product_tag","embeddable":true,"href":"https:\/\/tienda.amesa.com.mx\/en\/wp-json\/wp\/v2\/product_tag?post=27349"}],"curies":[{"name":"wp","href":"https:\/\/api.w.org\/{rel}","templated":true}]}}