{"id":27353,"date":"2026-03-25T10:00:52","date_gmt":"2026-03-25T16:00:52","guid":{"rendered":"https:\/\/tienda.amesa.com.mx\/producto\/sierra-perforacion-large-arbol-3-8-ma-2\/"},"modified":"2026-03-25T10:00:55","modified_gmt":"2026-03-25T16:00:55","slug":"sierra-perforacion-large-arbol-3-8-ma-2","status":"publish","type":"product","link":"https:\/\/tienda.amesa.com.mx\/en\/product\/sierra-perforacion-large-arbol-3-8-ma-2\/","title":{"rendered":"SIERRA PERFORACION LARGE ARBOL 3\/8&#8243; MA"},"content":{"rendered":"<p>Maximiza la eficiencia de tus cortes con el \u00c1rbol (Mandril) de Cambio R\u00e1pido Milwaukee. Dise\u00f1ado espec\u00edficamente para sierras perforadoras de di\u00e1metros grandes, este accesorio es el puente de acero que conecta la potencia de tu taladro con la precisi\u00f3n de tu corte.<\/p>\n<p>Fabricado con acero de aleaci\u00f3n endurecido, este \u00e1rbol elimina el molesto bamboleo y asegura que cada perforaci\u00f3n sea perfectamente circular, incluso en los materiales m\u00e1s exigentes como metal, madera y pl\u00e1sticos.<\/p>\n<p>SIERRA PERFORACION LARGE ARBOL 3\/8&#8243; MANGO<\/p>\n","protected":false},"excerpt":{"rendered":"<p>Maximiza la eficiencia de tus cortes con el \u00c1rbol (Mandril) de Cambio R\u00e1pido Milwaukee. Dise\u00f1ado esp&#8230;<\/p>\n","protected":false},"featured_media":27350,"comment_status":"open","ping_status":"closed","template":"","meta":{"_joinchat":[]},"product_brand":[],"product_cat":[],"product_tag":[158],"class_list":{"0":"post-27353","1":"product","2":"type-product","3":"status-publish","4":"has-post-thumbnail","6":"product_tag-en","8":"first","9":"instock","10":"taxable","11":"shipping-taxable","12":"purchasable","13":"product-type-simple"},"_links":{"self":[{"href":"https:\/\/tienda.amesa.com.mx\/en\/wp-json\/wp\/v2\/product\/27353","targetHints":{"allow":["GET"]}}],"collection":[{"href":"https:\/\/tienda.amesa.com.mx\/en\/wp-json\/wp\/v2\/product"}],"about":[{"href":"https:\/\/tienda.amesa.com.mx\/en\/wp-json\/wp\/v2\/types\/product"}],"replies":[{"embeddable":true,"href":"https:\/\/tienda.amesa.com.mx\/en\/wp-json\/wp\/v2\/comments?post=27353"}],"wp:featuredmedia":[{"embeddable":true,"href":"https:\/\/tienda.amesa.com.mx\/en\/wp-json\/wp\/v2\/media\/27350"}],"wp:attachment":[{"href":"https:\/\/tienda.amesa.com.mx\/en\/wp-json\/wp\/v2\/media?parent=27353"}],"wp:term":[{"taxonomy":"product_brand","embeddable":true,"href":"https:\/\/tienda.amesa.com.mx\/en\/wp-json\/wp\/v2\/product_brand?post=27353"},{"taxonomy":"product_cat","embeddable":true,"href":"https:\/\/tienda.amesa.com.mx\/en\/wp-json\/wp\/v2\/product_cat?post=27353"},{"taxonomy":"product_tag","embeddable":true,"href":"https:\/\/tienda.amesa.com.mx\/en\/wp-json\/wp\/v2\/product_tag?post=27353"}],"curies":[{"name":"wp","href":"https:\/\/api.w.org\/{rel}","templated":true}]}}