{"id":27359,"date":"2026-03-25T10:03:50","date_gmt":"2026-03-25T16:03:50","guid":{"rendered":"https:\/\/tienda.amesa.com.mx\/producto\/esmeriladora-angular-4-1-2-pulgadas-11-2\/"},"modified":"2026-03-25T10:03:54","modified_gmt":"2026-03-25T16:03:54","slug":"esmeriladora-angular-4-1-2-pulgadas-11-2","status":"publish","type":"product","link":"https:\/\/tienda.amesa.com.mx\/en\/product\/esmeriladora-angular-4-1-2-pulgadas-11-2\/","title":{"rendered":"ESMERILADORA ANGULAR 4-1\/2 PULGADAS 11"},"content":{"rendered":"<p>Lleva tu productividad al siguiente nivel con la Esmeriladora Angular Milwaukee de 4-1\/2&#8243; y 11 Amperios. Este equipo ha sido dise\u00f1ado para ofrecer el rendimiento de una herramienta grande en un cuerpo compacto y maniobrable. Es la soluci\u00f3n ideal para contratistas y profesionales del metal que exigen durabilidad y potencia para cortes r\u00e1pidos y desbastes agresivos.<br \/>\nESMERILADORA ANGULAR 4-1\/2 PULGADAS 11 AMP 11,000 RPM<\/p>\n","protected":false},"excerpt":{"rendered":"<p>Lleva tu productividad al siguiente nivel con la Esmeriladora Angular Milwaukee de 4-1\/2&#8243; y 11 Amper&#8230;<\/p>\n","protected":false},"featured_media":27354,"comment_status":"open","ping_status":"closed","template":"","meta":{"_joinchat":[]},"product_brand":[],"product_cat":[],"product_tag":[158],"class_list":{"0":"post-27359","1":"product","2":"type-product","3":"status-publish","4":"has-post-thumbnail","6":"product_tag-en","8":"first","9":"instock","10":"taxable","11":"shipping-taxable","12":"purchasable","13":"product-type-simple"},"_links":{"self":[{"href":"https:\/\/tienda.amesa.com.mx\/en\/wp-json\/wp\/v2\/product\/27359","targetHints":{"allow":["GET"]}}],"collection":[{"href":"https:\/\/tienda.amesa.com.mx\/en\/wp-json\/wp\/v2\/product"}],"about":[{"href":"https:\/\/tienda.amesa.com.mx\/en\/wp-json\/wp\/v2\/types\/product"}],"replies":[{"embeddable":true,"href":"https:\/\/tienda.amesa.com.mx\/en\/wp-json\/wp\/v2\/comments?post=27359"}],"wp:featuredmedia":[{"embeddable":true,"href":"https:\/\/tienda.amesa.com.mx\/en\/wp-json\/wp\/v2\/media\/27354"}],"wp:attachment":[{"href":"https:\/\/tienda.amesa.com.mx\/en\/wp-json\/wp\/v2\/media?parent=27359"}],"wp:term":[{"taxonomy":"product_brand","embeddable":true,"href":"https:\/\/tienda.amesa.com.mx\/en\/wp-json\/wp\/v2\/product_brand?post=27359"},{"taxonomy":"product_cat","embeddable":true,"href":"https:\/\/tienda.amesa.com.mx\/en\/wp-json\/wp\/v2\/product_cat?post=27359"},{"taxonomy":"product_tag","embeddable":true,"href":"https:\/\/tienda.amesa.com.mx\/en\/wp-json\/wp\/v2\/product_tag?post=27359"}],"curies":[{"name":"wp","href":"https:\/\/api.w.org\/{rel}","templated":true}]}}